{"id":5902,"date":"2019-07-29T01:58:01","date_gmt":"2019-07-29T01:58:01","guid":{"rendered":"http:\/\/www.articulosdeseguridad.com.co\/?post_type=product&#038;p=5902"},"modified":"2023-07-25T13:34:07","modified_gmt":"2023-07-25T18:34:07","slug":"respirador-media-cara-elastomero-moldex","status":"publish","type":"product","link":"https:\/\/www.articulosdeseguridad.com.co\/index.php\/product\/respirador-media-cara-elastomero-moldex\/","title":{"rendered":"Respirador Media Cara Elast\u00f3mero Moldex"},"content":{"rendered":"<p><img fetchpriority=\"high\" decoding=\"async\" class=\"size-medium wp-image-5976 alignleft\" src=\"http:\/\/www.articulosdeseguridad.com.co\/wp-content\/uploads\/2019\/07\/RespiradorMX3W-300x275.jpg\" alt=\"\" width=\"300\" height=\"275\" srcset=\"https:\/\/www.articulosdeseguridad.com.co\/wp-content\/uploads\/2019\/07\/RespiradorMX3W-300x275.jpg 300w, https:\/\/www.articulosdeseguridad.com.co\/wp-content\/uploads\/2019\/07\/RespiradorMX3W-600x550.jpg 600w, https:\/\/www.articulosdeseguridad.com.co\/wp-content\/uploads\/2019\/07\/RespiradorMX3W.jpg 720w\" sizes=\"(max-width: 300px) 100vw, 300px\" \/><\/p>\n<p>&nbsp;<\/p>\n<h2>Respirador Media Cara Elast\u00f3mero serie 7000<\/h2>\n<p>Los nuevos y elegantes 7000 y 7800 respiradores de media cara introducen caracter\u00edsticas y beneficios \u00fanicos para una mayor aceptaci\u00f3n de los trabajadores. Dise\u00f1o de peso ligero m\u00e1s \u00e1rea de sellado extra amplia ofrecen comodidad todo el d\u00eda. La media cara desciende para un c\u00f3modo almacenamiento alrededor del cuello o se bloquea completamente para un ajuste personalizado.<\/p>\n<p><img decoding=\"async\" class=\"size-medium wp-image-5975 alignleft\" src=\"http:\/\/www.articulosdeseguridad.com.co\/wp-content\/uploads\/2019\/07\/RespiradorMX2W-300x275.jpg\" alt=\"\" width=\"300\" height=\"275\" srcset=\"https:\/\/www.articulosdeseguridad.com.co\/wp-content\/uploads\/2019\/07\/RespiradorMX2W-300x275.jpg 300w, https:\/\/www.articulosdeseguridad.com.co\/wp-content\/uploads\/2019\/07\/RespiradorMX2W-600x550.jpg 600w, https:\/\/www.articulosdeseguridad.com.co\/wp-content\/uploads\/2019\/07\/RespiradorMX2W.jpg 720w\" sizes=\"(max-width: 300px) 100vw, 300px\" \/><\/p>\n<p>Arn\u00e9s de cabeza ajustable y broche curvo en cuello para mayor comodidad. Perfil bajo, dise\u00f1o compacto que permite un amplio campo de visi\u00f3n, se adapta bien bajo los cascos de soldadura y con lentes de seguridad. El mantenimiento y limpieza se simplifican debido a sus pocas piezas de repuesto. La Serie 7000 est\u00e1 disponible pre-ensamblada con las combinaciones de cartucho \/ filtro m\u00e1s populares y tambi\u00e9n como componentes individuales.<\/p>\n<p>&nbsp;<\/p>\n","protected":false},"excerpt":{"rendered":"<ul>\n<li>100% Libre de PVC ( PVC-Free<sup>\u00ae<\/sup> ).<\/li>\n<li>Empacado en bolsa de almacenamiento reutilizable y resellable.<\/li>\n<li>Tallas Peque\u00f1a, Mediana y Grande.<\/li>\n<\/ul>\n<p>Advertencia: Los respiradores deber\u00e1n ser seleccionados correctamente y ajustarse a la medida para proveer protecci\u00f3n al usuario. Es responsabilidad del usuario elegir de manera apropiada basado en las concentraciones de contaminante existentes en el lugar de trabajo. Es responsabilidad tambi\u00e9n del usuario asegurarse que el lugar de trabajo esta en cumplimiento de todos los reglamentos en materia de seguridad laboral, locales, estatales y federales. Incluyendo el reglamento de respiraci\u00f3n respiratoria de OSHA (29 CFR 1910.134). Pero no \u00fanicamente de este. Fuera de los Estados Unidos de Am\u00e9rica, revisar todos los reglamentos de gobierno locales que apliquen. Leer todas las advertencias e instrucciones de uso que acompa\u00f1an a los respiradores. Si Usted tiene cualquier pregunta t\u00e9cnica en relaci\u00f3n a la protecci\u00f3n respiratoria llame a Moldex<sup>\u00ae<\/sup>al 800-421-0668.<\/p>\n","protected":false},"featured_media":5976,"comment_status":"open","ping_status":"closed","template":"","meta":{"_acf_changed":false},"product_brand":[],"product_cat":[178,90],"product_tag":[347,343,344,346,530,337,348],"class_list":{"0":"post-5902","1":"product","2":"type-product","3":"status-publish","4":"has-post-thumbnail","6":"product_cat-media-cara","7":"product_cat-proteccion-respiratoria","8":"product_tag-material-particulado","9":"product_tag-moldex","10":"product_tag-proteccion-respiratoria","11":"product_tag-respirador-3m","12":"product_tag-respirador-elastomero","13":"product_tag-respirador-media-cara","14":"product_tag-vapores-y-gases","16":"first","17":"instock","18":"featured","19":"downloadable","20":"taxable","21":"shipping-taxable","22":"purchasable","23":"product-type-simple"},"acf":[],"aioseo_notices":[],"_links":{"self":[{"href":"https:\/\/www.articulosdeseguridad.com.co\/index.php\/wp-json\/wp\/v2\/product\/5902","targetHints":{"allow":["GET"]}}],"collection":[{"href":"https:\/\/www.articulosdeseguridad.com.co\/index.php\/wp-json\/wp\/v2\/product"}],"about":[{"href":"https:\/\/www.articulosdeseguridad.com.co\/index.php\/wp-json\/wp\/v2\/types\/product"}],"replies":[{"embeddable":true,"href":"https:\/\/www.articulosdeseguridad.com.co\/index.php\/wp-json\/wp\/v2\/comments?post=5902"}],"wp:featuredmedia":[{"embeddable":true,"href":"https:\/\/www.articulosdeseguridad.com.co\/index.php\/wp-json\/wp\/v2\/media\/5976"}],"wp:attachment":[{"href":"https:\/\/www.articulosdeseguridad.com.co\/index.php\/wp-json\/wp\/v2\/media?parent=5902"}],"wp:term":[{"taxonomy":"product_brand","embeddable":true,"href":"https:\/\/www.articulosdeseguridad.com.co\/index.php\/wp-json\/wp\/v2\/product_brand?post=5902"},{"taxonomy":"product_cat","embeddable":true,"href":"https:\/\/www.articulosdeseguridad.com.co\/index.php\/wp-json\/wp\/v2\/product_cat?post=5902"},{"taxonomy":"product_tag","embeddable":true,"href":"https:\/\/www.articulosdeseguridad.com.co\/index.php\/wp-json\/wp\/v2\/product_tag?post=5902"}],"curies":[{"name":"wp","href":"https:\/\/api.w.org\/{rel}","templated":true}]}}