{"id":6765,"date":"2019-08-17T16:45:27","date_gmt":"2019-08-17T16:45:27","guid":{"rendered":"http:\/\/www.articulosdeseguridad.com.co\/?post_type=product&#038;p=6765"},"modified":"2021-06-09T19:37:58","modified_gmt":"2021-06-09T19:37:58","slug":"eslinga-sencilla-1-8m-first-3m-amortiguador-first","status":"publish","type":"product","link":"https:\/\/www.articulosdeseguridad.com.co\/index.php\/product\/eslinga-sencilla-1-8m-first-3m-amortiguador-first\/","title":{"rendered":"Eslinga Sencilla Con Amortiguador 1.8m First 3M"},"content":{"rendered":"<p><img fetchpriority=\"high\" decoding=\"async\" class=\"size-medium wp-image-6767 alignleft\" src=\"http:\/\/www.articulosdeseguridad.com.co\/wp-content\/uploads\/2019\/08\/eslinga-para-detencion-linea-partner-3m-1228018-300x300.jpg\" alt=\"\" width=\"300\" height=\"300\" srcset=\"https:\/\/www.articulosdeseguridad.com.co\/wp-content\/uploads\/2019\/08\/eslinga-para-detencion-linea-partner-3m-1228018-300x300.jpg 300w, https:\/\/www.articulosdeseguridad.com.co\/wp-content\/uploads\/2019\/08\/eslinga-para-detencion-linea-partner-3m-1228018-150x150.jpg 150w, https:\/\/www.articulosdeseguridad.com.co\/wp-content\/uploads\/2019\/08\/eslinga-para-detencion-linea-partner-3m-1228018-100x100.jpg 100w, https:\/\/www.articulosdeseguridad.com.co\/wp-content\/uploads\/2019\/08\/eslinga-para-detencion-linea-partner-3m-1228018.jpg 530w\" sizes=\"(max-width: 300px) 100vw, 300px\" \/><\/p>\n<p><strong>Descripci\u00f3n:<\/strong> Eslinga sencilla para detenci\u00f3n de ca\u00eddas, con dos ganchos de \u00be\u201d de apertura. Longitud de 1.8m y absorbedor de energ\u00eda.<\/p>\n<p><strong>Uso:<\/strong> Elemento parte de un sistema personal de detenci\u00f3n de ca\u00eddas, para trabajos de posicionamiento y actividades donde aplica restricci\u00f3n de ca\u00eddas, este elemento garantiza que el trabajador tenga las manos libres en sus labores de posicionamiento. Recomendada para ser usada en conjunto con los arneses de seguridad \u00fanicamente tomando como punto de anclaje las argollas de cadera para posicionamiento y la argolla dorsal para restricci\u00f3n.<\/p>\n<p><strong>Certificaci\u00f3n:<\/strong>\u00a0Esta eslinga est\u00e1 fabricada bajo los requerimientos de la norma ANSI\/ASSE Z359.3 &#8211; 2007 \u201cSafety requirements for lanyards and positioning lanyards\u201d<\/p>\n<p>&nbsp;<\/p>\n<p>&nbsp;<\/p>\n","protected":false},"excerpt":{"rendered":"<ul>\n<li>El absorbedor de energ\u00eda est\u00e1 dise\u00f1ado para amortiguar y reducir la fuerza del impacto producida en la detenci\u00f3n<\/li>\n<li>Terminal: Reata poli\u00e9ster de 25mm de ancho<\/li>\n<li>Absorbedor: Reata poli\u00e9ster de 45mm de ancho<\/li>\n<li>Ganchos de apertura de \u00be\u201d<\/li>\n<\/ul>\n<p>Ficha t\u00e9cnica:<\/p>\n<p><a href=\"http:\/\/www.articulosdeseguridad.com.co\/wp-content\/uploads\/2019\/08\/Ficha-T\u00e9cnica-de-Eslinga-con-Amortiguador-3M-First-Partner-1228018.pdf\" target=\"_blank\" rel=\"noopener noreferrer\">Ficha T\u00e9cnica de Eslinga con Amortiguador 3M First Partner 1228018<\/a><\/p>\n","protected":false},"featured_media":6768,"comment_status":"open","ping_status":"closed","template":"","meta":{"_acf_changed":false},"product_brand":[],"product_cat":[92,226],"product_tag":[396,395,288,397,398,390,393,394,392,391],"class_list":{"0":"post-6765","1":"product","2":"type-product","3":"status-publish","4":"has-post-thumbnail","6":"product_cat-eslingas-de-restriccion","7":"product_cat-proteccion-contra-caidas","8":"product_tag-arnes-de-rescate","9":"product_tag-arnes-dielectrico","10":"product_tag-arnes-multiproposito","11":"product_tag-arnes-soldador","12":"product_tag-eslinga-de-posicionamiento","13":"product_tag-eslinga-de-restriccion","14":"product_tag-eslinga-doble","15":"product_tag-eslinga-en-y","16":"product_tag-eslinga-retractil","17":"product_tag-retractil","19":"first","20":"outofstock","21":"downloadable","22":"taxable","23":"shipping-taxable","24":"product-type-simple"},"acf":[],"aioseo_notices":[],"_links":{"self":[{"href":"https:\/\/www.articulosdeseguridad.com.co\/index.php\/wp-json\/wp\/v2\/product\/6765","targetHints":{"allow":["GET"]}}],"collection":[{"href":"https:\/\/www.articulosdeseguridad.com.co\/index.php\/wp-json\/wp\/v2\/product"}],"about":[{"href":"https:\/\/www.articulosdeseguridad.com.co\/index.php\/wp-json\/wp\/v2\/types\/product"}],"replies":[{"embeddable":true,"href":"https:\/\/www.articulosdeseguridad.com.co\/index.php\/wp-json\/wp\/v2\/comments?post=6765"}],"wp:featuredmedia":[{"embeddable":true,"href":"https:\/\/www.articulosdeseguridad.com.co\/index.php\/wp-json\/wp\/v2\/media\/6768"}],"wp:attachment":[{"href":"https:\/\/www.articulosdeseguridad.com.co\/index.php\/wp-json\/wp\/v2\/media?parent=6765"}],"wp:term":[{"taxonomy":"product_brand","embeddable":true,"href":"https:\/\/www.articulosdeseguridad.com.co\/index.php\/wp-json\/wp\/v2\/product_brand?post=6765"},{"taxonomy":"product_cat","embeddable":true,"href":"https:\/\/www.articulosdeseguridad.com.co\/index.php\/wp-json\/wp\/v2\/product_cat?post=6765"},{"taxonomy":"product_tag","embeddable":true,"href":"https:\/\/www.articulosdeseguridad.com.co\/index.php\/wp-json\/wp\/v2\/product_tag?post=6765"}],"curies":[{"name":"wp","href":"https:\/\/api.w.org\/{rel}","templated":true}]}}