{"id":7481,"date":"2019-09-01T22:30:08","date_gmt":"2019-09-01T22:30:08","guid":{"rendered":"http:\/\/www.articulosdeseguridad.com.co\/?post_type=product&#038;p=7481"},"modified":"2025-02-28T13:13:29","modified_gmt":"2025-02-28T18:13:29","slug":"respirador-media-cara-silicona-3m","status":"publish","type":"product","link":"https:\/\/www.articulosdeseguridad.com.co\/index.php\/product\/respirador-media-cara-silicona-3m\/","title":{"rendered":"Respirador Media Cara Silicona 3M"},"content":{"rendered":"<p><img fetchpriority=\"high\" decoding=\"async\" class=\"size-medium wp-image-7482 alignleft\" src=\"http:\/\/www.articulosdeseguridad.com.co\/wp-content\/uploads\/2019\/09\/7500-3MW1-300x275.jpg\" alt=\"\" width=\"300\" height=\"275\" srcset=\"https:\/\/www.articulosdeseguridad.com.co\/wp-content\/uploads\/2019\/09\/7500-3MW1-300x275.jpg 300w, https:\/\/www.articulosdeseguridad.com.co\/wp-content\/uploads\/2019\/09\/7500-3MW1-600x550.jpg 600w, https:\/\/www.articulosdeseguridad.com.co\/wp-content\/uploads\/2019\/09\/7500-3MW1.jpg 720w\" sizes=\"(max-width: 300px) 100vw, 300px\" \/><\/p>\n<h2>Respirador Media Cara Silicona 3M<\/h2>\n<p class=\"SNAPS--pdpTabDes\">Respirador Media Cara Silicona 3M Serie 7500 una un avanzado material de silicona para ayudar a proveer protecci\u00f3n respiratoria confortable y duradera. La v\u00e1lvula 3M Cool Flow\u00ae ayuda a facilidad la respiraci\u00f3n y puede reducir el calor y la acumulaci\u00f3n de humedad para comodidad fresca y seca.<\/p>\n<p>&nbsp;<\/p>\n","protected":false},"excerpt":{"rendered":"<ul>\n<li>Respirador Media Cara Silicona 3M Serie 7500 son piezas faciales reutilizables con componentes reemplazables unidos mediante el sistema de conexi\u00f3n de bayoneta de 3M (Referencia 7501, 7502, 7503)<\/li>\n<li>Cuenta con un arn\u00e9s deslizante que permite llevarlas colgando cuando no se utilizan (Drop Down)<\/li>\n<li>Fabricadas en un elast\u00f3mero de silicona muy flexible que ejerce una baja presi\u00f3n sobre el rostro y reduce la tensi\u00f3n en el \u00e1rea de la nariz por la banda ajustada a la cabeza<\/li>\n<\/ul>\n<p>Ficha T\u00e9cnica<\/p>\n<p><a href=\"http:\/\/www.articulosdeseguridad.com.co\/wp-content\/uploads\/2019\/09\/Respirador-Media-Cara-Serie-7500.pdf\">Respirador Media Cara Serie 7500<\/a><\/p>\n","protected":false},"featured_media":7484,"comment_status":"open","ping_status":"closed","template":"","meta":{"_acf_changed":false},"product_brand":[],"product_cat":[178,90],"product_tag":[347,344,346,337,345,348],"class_list":{"0":"post-7481","1":"product","2":"type-product","3":"status-publish","4":"has-post-thumbnail","6":"product_cat-media-cara","7":"product_cat-proteccion-respiratoria","8":"product_tag-material-particulado","9":"product_tag-proteccion-respiratoria","10":"product_tag-respirador-3m","11":"product_tag-respirador-media-cara","12":"product_tag-respirador-silicona","13":"product_tag-vapores-y-gases","15":"first","16":"instock","17":"downloadable","18":"taxable","19":"shipping-taxable","20":"purchasable","21":"product-type-simple"},"acf":[],"aioseo_notices":[],"_links":{"self":[{"href":"https:\/\/www.articulosdeseguridad.com.co\/index.php\/wp-json\/wp\/v2\/product\/7481","targetHints":{"allow":["GET"]}}],"collection":[{"href":"https:\/\/www.articulosdeseguridad.com.co\/index.php\/wp-json\/wp\/v2\/product"}],"about":[{"href":"https:\/\/www.articulosdeseguridad.com.co\/index.php\/wp-json\/wp\/v2\/types\/product"}],"replies":[{"embeddable":true,"href":"https:\/\/www.articulosdeseguridad.com.co\/index.php\/wp-json\/wp\/v2\/comments?post=7481"}],"wp:featuredmedia":[{"embeddable":true,"href":"https:\/\/www.articulosdeseguridad.com.co\/index.php\/wp-json\/wp\/v2\/media\/7484"}],"wp:attachment":[{"href":"https:\/\/www.articulosdeseguridad.com.co\/index.php\/wp-json\/wp\/v2\/media?parent=7481"}],"wp:term":[{"taxonomy":"product_brand","embeddable":true,"href":"https:\/\/www.articulosdeseguridad.com.co\/index.php\/wp-json\/wp\/v2\/product_brand?post=7481"},{"taxonomy":"product_cat","embeddable":true,"href":"https:\/\/www.articulosdeseguridad.com.co\/index.php\/wp-json\/wp\/v2\/product_cat?post=7481"},{"taxonomy":"product_tag","embeddable":true,"href":"https:\/\/www.articulosdeseguridad.com.co\/index.php\/wp-json\/wp\/v2\/product_tag?post=7481"}],"curies":[{"name":"wp","href":"https:\/\/api.w.org\/{rel}","templated":true}]}}