{"id":7709,"date":"2019-09-07T08:26:03","date_gmt":"2019-09-07T08:26:03","guid":{"rendered":"http:\/\/www.articulosdeseguridad.com.co\/?post_type=product&#038;p=7709"},"modified":"2024-06-17T11:27:25","modified_gmt":"2024-06-17T16:27:25","slug":"cartucho-formadehido-vapor-organico-3m-6005","status":"publish","type":"product","link":"https:\/\/www.articulosdeseguridad.com.co\/index.php\/product\/cartucho-formadehido-vapor-organico-3m-6005\/","title":{"rendered":"Cartucho Formadeh\u00eddo\/Vapor Org\u00e1nico 3M 6005"},"content":{"rendered":"<p><img fetchpriority=\"high\" decoding=\"async\" class=\"size-medium wp-image-7710 alignleft\" src=\"http:\/\/www.articulosdeseguridad.com.co\/wp-content\/uploads\/2019\/09\/6005-3MW2-300x275.jpg\" alt=\"\" width=\"300\" height=\"275\" srcset=\"https:\/\/www.articulosdeseguridad.com.co\/wp-content\/uploads\/2019\/09\/6005-3MW2-300x275.jpg 300w, https:\/\/www.articulosdeseguridad.com.co\/wp-content\/uploads\/2019\/09\/6005-3MW2-600x550.jpg 600w, https:\/\/www.articulosdeseguridad.com.co\/wp-content\/uploads\/2019\/09\/6005-3MW2.jpg 720w\" sizes=\"(max-width: 300px) 100vw, 300px\" \/><\/p>\n<h2>Cartucho Formadeh\u00eddo\/Vapor Org\u00e1nico 3M 6005<\/h2>\n<p class=\"SNAPS--pdpTabDes\">\u00a0Cartucho Formadeh\u00eddo\/Vapor Org\u00e1nico 3M 6005 Brinda protecci\u00f3n respiratoria contra el amoniaco y la metilamina. Aprobado para protecci\u00f3n respiratoria contra no mas de 10 p.p.m. de formaldeh\u00eddo. Se usa con los respiradores de media cara y cara completa 3M con soporte de filtro de bayoneta.<\/p>\n<p class=\"SNAPS--pdpTabDes\">Se usa en una variedad de aplicaciones, incluidas laboratorios, procesamiento de madera, fabricaci\u00f3n de alfombras y fabricaci\u00f3n de metales primarios.<\/p>\n","protected":false},"excerpt":{"rendered":"<ul>\n<li>Cartucho Formadeh\u00eddo\/Vapor Org\u00e1nico 3M 6005<\/li>\n<li>Estructura de poliestireno con contenido de carb\u00f3n activado<\/li>\n<li>Una mayor eficiencia en la retenci\u00f3n de gases y vapores por el alto desempe\u00f1o absorbente del carb\u00f3n activado<\/li>\n<li>Protecci\u00f3n confiable, cumple con las aprobaciones de NIOSH para retenci\u00f3n de gases o vapores\/formaldeh\u00eddos<\/li>\n<li>F\u00e1cil respiraci\u00f3n, mayor comodidad para el usuario<\/li>\n<li>F\u00e1cil y r\u00e1pida instalaci\u00f3n gracias a su conexi\u00f3n tipo bayoneta<\/li>\n<li>Dise\u00f1o trapezoidal de bajo perfil facilitando una mejor visibilidad para el usuario<\/li>\n<\/ul>\n<p>Ficha T\u00e9cnica<\/p>\n<p><a href=\"http:\/\/www.articulosdeseguridad.com.co\/wp-content\/uploads\/2016\/03\/Cartuchos-linea-6000.pdf\" target=\"_blank\" rel=\"noopener noreferrer\">Cartuchos linea 6000<\/a><\/p>\n","protected":false},"featured_media":7710,"comment_status":"open","ping_status":"closed","template":"","meta":{"_acf_changed":false},"product_brand":[],"product_cat":[99,122,90,137],"product_tag":[268,351,341,340,342,343,338,339,337],"class_list":{"0":"post-7709","1":"product","2":"type-product","3":"status-publish","4":"has-post-thumbnail","6":"product_cat-filtros-cartuchos","7":"product_cat-gases-acidos","8":"product_cat-proteccion-respiratoria","9":"product_cat-vo-ga","10":"product_tag-3m","11":"product_tag-cartucho-6005-formaldehido","12":"product_tag-cartuchos-gases-acidos","13":"product_tag-cartuchos-vapores-organicos","14":"product_tag-filtro-material-particulado","15":"product_tag-moldex","16":"product_tag-respirador-cara-completa","17":"product_tag-respirador-libre-mantenimiento","18":"product_tag-respirador-media-cara","20":"first","21":"instock","22":"taxable","23":"shipping-taxable","24":"purchasable","25":"product-type-simple"},"acf":[],"aioseo_notices":[],"_links":{"self":[{"href":"https:\/\/www.articulosdeseguridad.com.co\/index.php\/wp-json\/wp\/v2\/product\/7709","targetHints":{"allow":["GET"]}}],"collection":[{"href":"https:\/\/www.articulosdeseguridad.com.co\/index.php\/wp-json\/wp\/v2\/product"}],"about":[{"href":"https:\/\/www.articulosdeseguridad.com.co\/index.php\/wp-json\/wp\/v2\/types\/product"}],"replies":[{"embeddable":true,"href":"https:\/\/www.articulosdeseguridad.com.co\/index.php\/wp-json\/wp\/v2\/comments?post=7709"}],"wp:featuredmedia":[{"embeddable":true,"href":"https:\/\/www.articulosdeseguridad.com.co\/index.php\/wp-json\/wp\/v2\/media\/7710"}],"wp:attachment":[{"href":"https:\/\/www.articulosdeseguridad.com.co\/index.php\/wp-json\/wp\/v2\/media?parent=7709"}],"wp:term":[{"taxonomy":"product_brand","embeddable":true,"href":"https:\/\/www.articulosdeseguridad.com.co\/index.php\/wp-json\/wp\/v2\/product_brand?post=7709"},{"taxonomy":"product_cat","embeddable":true,"href":"https:\/\/www.articulosdeseguridad.com.co\/index.php\/wp-json\/wp\/v2\/product_cat?post=7709"},{"taxonomy":"product_tag","embeddable":true,"href":"https:\/\/www.articulosdeseguridad.com.co\/index.php\/wp-json\/wp\/v2\/product_tag?post=7709"}],"curies":[{"name":"wp","href":"https:\/\/api.w.org\/{rel}","templated":true}]}}