{"id":7746,"date":"2019-09-07T17:42:03","date_gmt":"2019-09-07T17:42:03","guid":{"rendered":"http:\/\/www.articulosdeseguridad.com.co\/?post_type=product&#038;p=7746"},"modified":"2025-04-10T05:28:12","modified_gmt":"2025-04-10T10:28:12","slug":"traje-chemax-2-c2t130-lakeland","status":"publish","type":"product","link":"https:\/\/www.articulosdeseguridad.com.co\/index.php\/product\/traje-chemax-2-c2t130-lakeland\/","title":{"rendered":"Traje Chemax 2 C2T130 Lakeland"},"content":{"rendered":"<p><img fetchpriority=\"high\" decoding=\"async\" class=\"size-medium wp-image-7749 alignleft\" src=\"http:\/\/www.articulosdeseguridad.com.co\/wp-content\/uploads\/2019\/09\/Chemax2W3-300x275.jpg\" alt=\"\" width=\"300\" height=\"275\" srcset=\"https:\/\/www.articulosdeseguridad.com.co\/wp-content\/uploads\/2019\/09\/Chemax2W3-300x275.jpg 300w, https:\/\/www.articulosdeseguridad.com.co\/wp-content\/uploads\/2019\/09\/Chemax2W3-600x550.jpg 600w, https:\/\/www.articulosdeseguridad.com.co\/wp-content\/uploads\/2019\/09\/Chemax2W3.jpg 720w\" sizes=\"(max-width: 300px) 100vw, 300px\" \/><\/p>\n<h1><strong>Traje Chemax 2 C2T130 Lakeland<\/strong><\/h1>\n<p>Traje Chemax 2 C2T130 Lakeland, ofrece protecci\u00f3n contra los productos qu\u00edmicos peligrosos y los contaminantes presentes en el lugar de trabajo y es un traje de protecci\u00f3n qu\u00edmica econ\u00f3mico y de alta calidad que ha sido desarrollado utilizando los conocimientos y la experiencia que usted espera de los productos Lakeland.<\/p>\n<p>&nbsp;<\/p>\n<p>&nbsp;<\/p>\n<p>&nbsp;<\/p>\n","protected":false},"excerpt":{"rendered":"<ul>\n<li>Blanco con costuras grises para una f\u00e1cil identificaci\u00f3n y una alta visibilidad.<\/li>\n<li>Bajo nivel de ruido: confort y seguridad mejorados<\/li>\n<li>Obtiene resultados similares o superiores en las pruebas de permeabilidad para un 66% de 100 sustancias qu\u00edmicas probadas<\/li>\n<li>Rodilleras acolchadas de doble capa para aumentar el confort y la seguridad.<\/li>\n<li>Capucha de tres piezas, dise\u00f1o con pieza central c\u00f3nica para un ajuste perfecto de la m\u00e1scara facial<\/li>\n<li>Refuerzo en la entrepierna en forma de rombo que proporcionan la prenda de mejor ajuste del mercado.<\/li>\n<li>Novedosos cuellos m\u00e1s altos y solapas de cremallera para mejorar la protecci\u00f3n facial\/del cuello.<\/li>\n<li>Cierre delantero de doble cremallera con solapa cortaviento para una protecci\u00f3n segura y garantizada.<\/li>\n<\/ul>\n<p>Ficha t\u00e9cnica:<\/p>\n<p><a href=\"http:\/\/www.articulosdeseguridad.com.co\/wp-content\/uploads\/2019\/09\/ChemMax-2-CE-Ficha-T\u00e9cnica.pdf\" target=\"_blank\" rel=\"noopener noreferrer\">ChemMax 2 CE Ficha T\u00e9cnica<\/a><\/p>\n","protected":false},"featured_media":7749,"comment_status":"open","ping_status":"closed","template":"","meta":{"_acf_changed":false},"product_brand":[],"product_cat":[107,154],"product_tag":[361,279,276,277,275,278],"class_list":{"0":"post-7746","1":"product","2":"type-product","3":"status-publish","4":"has-post-thumbnail","6":"product_cat-proteccion-corporal","7":"product_cat-resistencia-quimica","8":"product_tag-chemax-2","9":"product_tag-dupont","10":"product_tag-traje-chemax","11":"product_tag-traje-lakeland","12":"product_tag-traje-quimico","13":"product_tag-tychem-qc","15":"first","16":"instock","17":"featured","18":"downloadable","19":"taxable","20":"shipping-taxable","21":"purchasable","22":"product-type-simple"},"acf":[],"aioseo_notices":[],"_links":{"self":[{"href":"https:\/\/www.articulosdeseguridad.com.co\/index.php\/wp-json\/wp\/v2\/product\/7746","targetHints":{"allow":["GET"]}}],"collection":[{"href":"https:\/\/www.articulosdeseguridad.com.co\/index.php\/wp-json\/wp\/v2\/product"}],"about":[{"href":"https:\/\/www.articulosdeseguridad.com.co\/index.php\/wp-json\/wp\/v2\/types\/product"}],"replies":[{"embeddable":true,"href":"https:\/\/www.articulosdeseguridad.com.co\/index.php\/wp-json\/wp\/v2\/comments?post=7746"}],"wp:featuredmedia":[{"embeddable":true,"href":"https:\/\/www.articulosdeseguridad.com.co\/index.php\/wp-json\/wp\/v2\/media\/7749"}],"wp:attachment":[{"href":"https:\/\/www.articulosdeseguridad.com.co\/index.php\/wp-json\/wp\/v2\/media?parent=7746"}],"wp:term":[{"taxonomy":"product_brand","embeddable":true,"href":"https:\/\/www.articulosdeseguridad.com.co\/index.php\/wp-json\/wp\/v2\/product_brand?post=7746"},{"taxonomy":"product_cat","embeddable":true,"href":"https:\/\/www.articulosdeseguridad.com.co\/index.php\/wp-json\/wp\/v2\/product_cat?post=7746"},{"taxonomy":"product_tag","embeddable":true,"href":"https:\/\/www.articulosdeseguridad.com.co\/index.php\/wp-json\/wp\/v2\/product_tag?post=7746"}],"curies":[{"name":"wp","href":"https:\/\/api.w.org\/{rel}","templated":true}]}}