{"id":8100,"date":"2019-09-15T13:35:07","date_gmt":"2019-09-15T13:35:07","guid":{"rendered":"http:\/\/www.articulosdeseguridad.com.co\/?post_type=product&#038;p=8100"},"modified":"2025-03-21T19:45:29","modified_gmt":"2025-03-22T00:45:29","slug":"bloqueo-para-valvulas-circulares-090410-ifam","status":"publish","type":"product","link":"https:\/\/www.articulosdeseguridad.com.co\/index.php\/product\/bloqueo-para-valvulas-circulares-090410-ifam\/","title":{"rendered":"Bloqueo Para V\u00e1lvulas Circulares 090410"},"content":{"rendered":"<p>&nbsp;<\/p>\n<p style=\"text-align: center;\"><img fetchpriority=\"high\" decoding=\"async\" class=\"size-medium wp-image-8119 alignleft\" src=\"http:\/\/www.articulosdeseguridad.com.co\/wp-content\/uploads\/2016\/03\/IFAMbloque-valvulas-Loto-W1-300x275.jpg\" alt=\"\" width=\"300\" height=\"275\" srcset=\"https:\/\/www.articulosdeseguridad.com.co\/wp-content\/uploads\/2016\/03\/IFAMbloque-valvulas-Loto-W1-300x275.jpg 300w, https:\/\/www.articulosdeseguridad.com.co\/wp-content\/uploads\/2016\/03\/IFAMbloque-valvulas-Loto-W1-600x550.jpg 600w, https:\/\/www.articulosdeseguridad.com.co\/wp-content\/uploads\/2016\/03\/IFAMbloque-valvulas-Loto-W1.jpg 720w\" sizes=\"(max-width: 300px) 100vw, 300px\" \/><\/p>\n<h1>Bloqueo Para V\u00e1lvulas Circulares 090410<\/h1>\n<p>La principal caracter\u00edstica que define al Bloqueo para v\u00e1lvulas circulares de la Serie Safety de IFAM es la posibilidad de adaptarlo a diferentes tama\u00f1os de v\u00e1lvula, a partir de 130 mm. de di\u00e1metro. Para ello, basta con hacer coincidir en distintas distancias los agujeros donde se introducen los candados que bloquean el dispositivo. Bloqueos para v\u00e1lvulas con di\u00e1metros entre 2,5 y 16,5 mm<\/p>\n","protected":false},"excerpt":{"rendered":"<p>\u2022 Fabricado en pol\u00edmero ABS, altamente resistente a los impactos y al desgaste por abrasi\u00f3n.<br \/>\n\u2022 Bloqueos para v\u00e1lvulas con di\u00e1metros entre 2,5 y 16,5 mm<br \/>\n\u2022 Bloqueo con candados con di\u00e1metro de arco m\u00e1ximo de 8,5 mm.<br \/>\n\u2022 Incluye pegatinas de se\u00f1alizaci\u00f3n de la v\u00e1lvula protegida por el sistema de bloqueo.<\/p>\n<p>&nbsp;<\/p>\n","protected":false},"featured_media":8120,"comment_status":"open","ping_status":"closed","template":"","meta":{"_acf_changed":false},"product_brand":[],"product_cat":[127,186],"product_tag":[384,385,767],"class_list":{"0":"post-8100","1":"product","2":"type-product","3":"status-publish","4":"has-post-thumbnail","6":"product_cat-bloqueo-etiquetado","7":"product_cat-equipos-de-bloqueo","8":"product_tag-bloque-para-vavulas","9":"product_tag-bloque-y-etiquetado","10":"product_tag-bloqueo-y-etiquetado-loto","12":"first","13":"instock","14":"taxable","15":"shipping-taxable","16":"purchasable","17":"product-type-simple"},"acf":[],"aioseo_notices":[],"_links":{"self":[{"href":"https:\/\/www.articulosdeseguridad.com.co\/index.php\/wp-json\/wp\/v2\/product\/8100","targetHints":{"allow":["GET"]}}],"collection":[{"href":"https:\/\/www.articulosdeseguridad.com.co\/index.php\/wp-json\/wp\/v2\/product"}],"about":[{"href":"https:\/\/www.articulosdeseguridad.com.co\/index.php\/wp-json\/wp\/v2\/types\/product"}],"replies":[{"embeddable":true,"href":"https:\/\/www.articulosdeseguridad.com.co\/index.php\/wp-json\/wp\/v2\/comments?post=8100"}],"wp:featuredmedia":[{"embeddable":true,"href":"https:\/\/www.articulosdeseguridad.com.co\/index.php\/wp-json\/wp\/v2\/media\/8120"}],"wp:attachment":[{"href":"https:\/\/www.articulosdeseguridad.com.co\/index.php\/wp-json\/wp\/v2\/media?parent=8100"}],"wp:term":[{"taxonomy":"product_brand","embeddable":true,"href":"https:\/\/www.articulosdeseguridad.com.co\/index.php\/wp-json\/wp\/v2\/product_brand?post=8100"},{"taxonomy":"product_cat","embeddable":true,"href":"https:\/\/www.articulosdeseguridad.com.co\/index.php\/wp-json\/wp\/v2\/product_cat?post=8100"},{"taxonomy":"product_tag","embeddable":true,"href":"https:\/\/www.articulosdeseguridad.com.co\/index.php\/wp-json\/wp\/v2\/product_tag?post=8100"}],"curies":[{"name":"wp","href":"https:\/\/api.w.org\/{rel}","templated":true}]}}