{"id":8826,"date":"2019-09-29T21:36:07","date_gmt":"2019-09-29T21:36:07","guid":{"rendered":"http:\/\/www.articulosdeseguridad.com.co\/?post_type=product&#038;p=8826"},"modified":"2024-07-26T09:25:29","modified_gmt":"2024-07-26T14:25:29","slug":"guante-hyflex-11-510-ansell","status":"publish","type":"product","link":"https:\/\/www.articulosdeseguridad.com.co\/index.php\/product\/guante-hyflex-11-510-ansell\/","title":{"rendered":"Guante Hyflex 11-510 Ansell"},"content":{"rendered":"<p><img fetchpriority=\"high\" decoding=\"async\" class=\"size-medium wp-image-8830 alignleft\" src=\"http:\/\/www.articulosdeseguridad.com.co\/wp-content\/uploads\/2019\/09\/11-510ansellW3-300x275.jpg\" alt=\"\" width=\"300\" height=\"275\" srcset=\"https:\/\/www.articulosdeseguridad.com.co\/wp-content\/uploads\/2019\/09\/11-510ansellW3-300x275.jpg 300w, https:\/\/www.articulosdeseguridad.com.co\/wp-content\/uploads\/2019\/09\/11-510ansellW3-600x550.jpg 600w, https:\/\/www.articulosdeseguridad.com.co\/wp-content\/uploads\/2019\/09\/11-510ansellW3.jpg 720w\" sizes=\"(max-width: 300px) 100vw, 300px\" \/><\/p>\n<p>&nbsp;<\/p>\n<h1>Guante Hyflex 11-510 Ansell<\/h1>\n<p>Guante Hyflex 11-510 Ansell Tejido con hilo Kevlar\u00ae de DuPontTM, el HyFlex 11-510 ofrece flexibilidad y confort con un nivel 3 de protecci\u00f3n al corte EN388 incrementando la confianza de los trabajadores cuando manejan partes afiladas, ayud\u00e1ndolos a mejorar la producci\u00f3n. El pu\u00f1o ComfortFlex brinda protecci\u00f3n adicional, as\u00ed como una sensaci\u00f3n suave en toda el \u00e1rea sensible de la mu\u00f1eca. El nitrilo negro espumado, garantiza un agarre seguro con poca presencia de aceite y en aplicaciones en seco.<\/p>\n<p>&nbsp;<\/p>\n","protected":false},"excerpt":{"rendered":"<ul>\n<li>Guante Hyflex 11-510 Ansell<\/li>\n<li>El dise\u00f1o patentado KVSD (dise\u00f1o de tejido variable de sutura) es anat\u00f3micamente similar a la mano, lo que mejora la flexibilidad y reduce la fatiga<\/li>\n<li>El Nivel 2 de protecci\u00f3n contra corte ANSI reduce el riesgo de laceraciones<\/li>\n<li>El pu\u00f1o\u00a0<em>ComfortFlex\u00a0<\/em>incorpora una zona de nylon acolchada ofreciendo m\u00e1s comodidad al usuario y un mejor manejo del sudor<\/li>\n<li>Trenzado zonal patentado en Nylon y Kevlar<sup>\u00ae<\/sup>\u00a0en la palma y el dorso de la mano para una mayor durabilidad<\/li>\n<li>Mejor agarre en condiciones ligeras con grasa y buena resistencia a la abrasi\u00f3n<\/li>\n<li>Sin silic\u00f3n ni l\u00e1tex, para proteger a trabajadores y productos<\/li>\n<\/ul>\n<p>Ficha T\u00e9cnica:<\/p>\n<p><a href=\"http:\/\/www.articulosdeseguridad.com.co\/wp-content\/uploads\/2019\/09\/hyflex-11-510_PDS_col_es.pdf\" target=\"_blank\" rel=\"noopener noreferrer\">hyflex-11-510_PDS_col_es<\/a><\/p>\n","protected":false},"featured_media":8831,"comment_status":"open","ping_status":"closed","template":"","meta":{"_acf_changed":false},"product_brand":[],"product_cat":[89,131],"product_tag":[422,319,243,245,333,244,257,432],"class_list":{"0":"post-8826","1":"product","2":"type-product","3":"status-publish","4":"has-post-thumbnail","6":"product_cat-proteccion-manual","7":"product_cat-proteccion-termica-proteccion-manual","8":"product_tag-11-510-ansell","9":"product_tag-ansell-edmon","10":"product_tag-guante-ansell","11":"product_tag-guante-de-seguridad","12":"product_tag-guante-frio","13":"product_tag-guante-nitrilo","14":"product_tag-guante-nylon","15":"product_tag-guante-termico","17":"first","18":"instock","19":"downloadable","20":"taxable","21":"shipping-taxable","22":"purchasable","23":"product-type-simple"},"acf":[],"aioseo_notices":[],"_links":{"self":[{"href":"https:\/\/www.articulosdeseguridad.com.co\/index.php\/wp-json\/wp\/v2\/product\/8826","targetHints":{"allow":["GET"]}}],"collection":[{"href":"https:\/\/www.articulosdeseguridad.com.co\/index.php\/wp-json\/wp\/v2\/product"}],"about":[{"href":"https:\/\/www.articulosdeseguridad.com.co\/index.php\/wp-json\/wp\/v2\/types\/product"}],"replies":[{"embeddable":true,"href":"https:\/\/www.articulosdeseguridad.com.co\/index.php\/wp-json\/wp\/v2\/comments?post=8826"}],"wp:featuredmedia":[{"embeddable":true,"href":"https:\/\/www.articulosdeseguridad.com.co\/index.php\/wp-json\/wp\/v2\/media\/8831"}],"wp:attachment":[{"href":"https:\/\/www.articulosdeseguridad.com.co\/index.php\/wp-json\/wp\/v2\/media?parent=8826"}],"wp:term":[{"taxonomy":"product_brand","embeddable":true,"href":"https:\/\/www.articulosdeseguridad.com.co\/index.php\/wp-json\/wp\/v2\/product_brand?post=8826"},{"taxonomy":"product_cat","embeddable":true,"href":"https:\/\/www.articulosdeseguridad.com.co\/index.php\/wp-json\/wp\/v2\/product_cat?post=8826"},{"taxonomy":"product_tag","embeddable":true,"href":"https:\/\/www.articulosdeseguridad.com.co\/index.php\/wp-json\/wp\/v2\/product_tag?post=8826"}],"curies":[{"name":"wp","href":"https:\/\/api.w.org\/{rel}","templated":true}]}}