{"id":8836,"date":"2019-09-29T22:16:52","date_gmt":"2019-09-29T22:16:52","guid":{"rendered":"http:\/\/www.articulosdeseguridad.com.co\/?post_type=product&#038;p=8836"},"modified":"2024-07-30T11:18:18","modified_gmt":"2024-07-30T16:18:18","slug":"bota-soldador-tubular-trs220-trivento","status":"publish","type":"product","link":"https:\/\/www.articulosdeseguridad.com.co\/index.php\/product\/bota-soldador-tubular-trs220-trivento\/","title":{"rendered":"Bota Soldador Tubular TRS220"},"content":{"rendered":"<p><img fetchpriority=\"high\" decoding=\"async\" class=\"size-medium wp-image-8838 alignleft\" src=\"http:\/\/www.articulosdeseguridad.com.co\/wp-content\/uploads\/2019\/09\/Bota-soldadortrs220-300x275.jpg\" alt=\"\" width=\"300\" height=\"275\" srcset=\"https:\/\/www.articulosdeseguridad.com.co\/wp-content\/uploads\/2019\/09\/Bota-soldadortrs220-300x275.jpg 300w, https:\/\/www.articulosdeseguridad.com.co\/wp-content\/uploads\/2019\/09\/Bota-soldadortrs220-600x550.jpg 600w, https:\/\/www.articulosdeseguridad.com.co\/wp-content\/uploads\/2019\/09\/Bota-soldadortrs220.jpg 720w\" sizes=\"(max-width: 300px) 100vw, 300px\" \/><\/p>\n<p>&nbsp;<\/p>\n<h1>Bota Soldador Tubular TRS220<\/h1>\n<p>Bota Soldador Tubular TRS220 marca Triventto, es fabricada en cuero con puntera de seguridad no met\u00e1lica en composite. Recomendada para labores en la industria de la construcci\u00f3n, met\u00e1lmec\u00e1nica,\u00a0 Hidrocarburos, entre otros.<\/p>\n<p>&nbsp;<\/p>\n","protected":false},"excerpt":{"rendered":"<ul>\n<li>Bota Soldador Tubular TRS220<\/li>\n<li><span class=\"a-list-item\">Suela en Poliuretano Bidensidad\u00a0<\/span><\/li>\n<li><span class=\"a-list-item\">Dise\u00f1o tubular de 30cm<\/span><\/li>\n<li><span class=\"a-list-item\">Puntera de seguridad, fabricada en composite<\/span><\/li>\n<\/ul>\n<p>Ficha T\u00e9cnica<\/p>\n<p><a href=\"http:\/\/www.articulosdeseguridad.com.co\/wp-content\/uploads\/2019\/09\/TRS-220-Petrolera.pdf\" target=\"_blank\" rel=\"noopener noreferrer\">TRS 220 Petrolera<\/a><\/p>\n","protected":false},"featured_media":8838,"comment_status":"open","ping_status":"closed","template":"","meta":{"_acf_changed":false},"product_brand":[],"product_cat":[120,124,192],"product_tag":[377,372,291,376,375],"class_list":{"0":"post-8836","1":"product","2":"type-product","3":"status-publish","4":"has-post-thumbnail","6":"product_cat-calzado-seguridad","7":"product_cat-linea-cuero","8":"product_cat-linea-soldador-botas","9":"product_tag-bota-de-proteccion","10":"product_tag-bota-de-seguridad","11":"product_tag-bota-dielectrica","12":"product_tag-bota-en-cuero","13":"product_tag-puntera-composite","14":"pa_talla-botas-531","15":"pa_talla-botas-532","16":"pa_talla-botas-533","17":"pa_talla-botas-534","18":"pa_talla-botas-535","19":"pa_talla-botas-536","20":"pa_talla-botas-537","21":"pa_talla-botas-538","22":"pa_talla-botas-539","23":"pa_talla-botas-540","24":"pa_talla-botas-541","26":"first","27":"instock","28":"featured","29":"taxable","30":"shipping-taxable","31":"purchasable","32":"product-type-variable"},"acf":[],"aioseo_notices":[],"_links":{"self":[{"href":"https:\/\/www.articulosdeseguridad.com.co\/index.php\/wp-json\/wp\/v2\/product\/8836","targetHints":{"allow":["GET"]}}],"collection":[{"href":"https:\/\/www.articulosdeseguridad.com.co\/index.php\/wp-json\/wp\/v2\/product"}],"about":[{"href":"https:\/\/www.articulosdeseguridad.com.co\/index.php\/wp-json\/wp\/v2\/types\/product"}],"replies":[{"embeddable":true,"href":"https:\/\/www.articulosdeseguridad.com.co\/index.php\/wp-json\/wp\/v2\/comments?post=8836"}],"wp:featuredmedia":[{"embeddable":true,"href":"https:\/\/www.articulosdeseguridad.com.co\/index.php\/wp-json\/wp\/v2\/media\/8838"}],"wp:attachment":[{"href":"https:\/\/www.articulosdeseguridad.com.co\/index.php\/wp-json\/wp\/v2\/media?parent=8836"}],"wp:term":[{"taxonomy":"product_brand","embeddable":true,"href":"https:\/\/www.articulosdeseguridad.com.co\/index.php\/wp-json\/wp\/v2\/product_brand?post=8836"},{"taxonomy":"product_cat","embeddable":true,"href":"https:\/\/www.articulosdeseguridad.com.co\/index.php\/wp-json\/wp\/v2\/product_cat?post=8836"},{"taxonomy":"product_tag","embeddable":true,"href":"https:\/\/www.articulosdeseguridad.com.co\/index.php\/wp-json\/wp\/v2\/product_tag?post=8836"}],"curies":[{"name":"wp","href":"https:\/\/api.w.org\/{rel}","templated":true}]}}