{"id":9716,"date":"2019-10-20T01:35:03","date_gmt":"2019-10-20T01:35:03","guid":{"rendered":"http:\/\/www.articulosdeseguridad.com.co\/?post_type=product&#038;p=9716"},"modified":"2025-03-19T16:59:09","modified_gmt":"2025-03-19T21:59:09","slug":"respirador-n95-8210v-con-valvula-de-exhalacion-cool-flow","status":"publish","type":"product","link":"https:\/\/www.articulosdeseguridad.com.co\/index.php\/product\/respirador-n95-8210v-con-valvula-de-exhalacion-cool-flow\/","title":{"rendered":"Respirador N95 8210V con V\u00e1lvula de Exhalaci\u00f3n Cool Flow"},"content":{"rendered":"<h2><img fetchpriority=\"high\" decoding=\"async\" class=\"size-medium wp-image-9720 alignleft\" src=\"http:\/\/www.articulosdeseguridad.com.co\/wp-content\/uploads\/2019\/10\/Respirador-8210V-3M-2-300x275.jpg\" alt=\"\" width=\"300\" height=\"275\" srcset=\"https:\/\/www.articulosdeseguridad.com.co\/wp-content\/uploads\/2019\/10\/Respirador-8210V-3M-2-300x275.jpg 300w, https:\/\/www.articulosdeseguridad.com.co\/wp-content\/uploads\/2019\/10\/Respirador-8210V-3M-2-600x550.jpg 600w, https:\/\/www.articulosdeseguridad.com.co\/wp-content\/uploads\/2019\/10\/Respirador-8210V-3M-2.jpg 720w\" sizes=\"(max-width: 300px) 100vw, 300px\" \/><\/h2>\n<h2><\/h2>\n<h2>Respirador N95 8210V con V\u00e1lvula de Exhalaci\u00f3n Cool Flow<\/h2>\n<p>Respirador N95 8210V con V\u00e1lvula de Exhalaci\u00f3n Cool Flow cuenta con la caracter\u00edstica exclusiva y patentada; la v\u00e1lvula 3M\u2122 Cool Flow\u2122 que ayuda a proveer una protecci\u00f3n respiratoria c\u00f3moda y confiable al trabajador contra ciertas part\u00edculas sin aceite. Es ideal para entornos de trabajo h\u00famedos, calurosos con polvo y que requieran largos periodos de uso.<\/p>\n<p>&nbsp;<\/p>\n","protected":false},"excerpt":{"rendered":"<p>Caracter\u00edsticas:<\/p>\n<ul class=\"MMM--pdpList SNAPS--bullets js--bnftsPdPList\">\n<li>Evita el calentamiento respiratorio<\/li>\n<li>Brinda una efectiva, confortable e higi\u00e9nica protecci\u00f3n respiratoria contra aerosoles s\u00f3lidos y ciertos l\u00edquidos sin aceite<\/li>\n<li>Posee v\u00e1lvula de exhalaci\u00f3n Cool Flow\u2122 (v\u00e1lvula de aire fresco) que ofrece mayor comodidad y frescura al usuario<\/li>\n<li>Fabricado con un Medio Filtrante Electrost\u00e1tico Avanzado, novedoso sistema de retenci\u00f3n de part\u00edculas que permite mayor eficiencia del filtro con menor ca\u00edda de presi\u00f3n<\/li>\n<\/ul>\n<p>Ficha T\u00e9cnica<\/p>\n<p><a href=\"http:\/\/www.articulosdeseguridad.com.co\/wp-content\/uploads\/2019\/10\/8210V.pdf\" target=\"_blank\" rel=\"noopener noreferrer\">8210V<\/a><\/p>\n","protected":false},"featured_media":9720,"comment_status":"open","ping_status":"closed","template":"","meta":{"_acf_changed":false},"product_brand":[],"product_cat":[112,90],"product_tag":[347,344,450,339],"class_list":{"0":"post-9716","1":"product","2":"type-product","3":"status-publish","4":"has-post-thumbnail","6":"product_cat-libre-mantenimiento","7":"product_cat-proteccion-respiratoria","8":"product_tag-material-particulado","9":"product_tag-proteccion-respiratoria","10":"product_tag-respirador-8210v-3m","11":"product_tag-respirador-libre-mantenimiento","13":"first","14":"instock","15":"downloadable","16":"taxable","17":"shipping-taxable","18":"purchasable","19":"product-type-simple"},"acf":[],"aioseo_notices":[],"_links":{"self":[{"href":"https:\/\/www.articulosdeseguridad.com.co\/index.php\/wp-json\/wp\/v2\/product\/9716","targetHints":{"allow":["GET"]}}],"collection":[{"href":"https:\/\/www.articulosdeseguridad.com.co\/index.php\/wp-json\/wp\/v2\/product"}],"about":[{"href":"https:\/\/www.articulosdeseguridad.com.co\/index.php\/wp-json\/wp\/v2\/types\/product"}],"replies":[{"embeddable":true,"href":"https:\/\/www.articulosdeseguridad.com.co\/index.php\/wp-json\/wp\/v2\/comments?post=9716"}],"wp:featuredmedia":[{"embeddable":true,"href":"https:\/\/www.articulosdeseguridad.com.co\/index.php\/wp-json\/wp\/v2\/media\/9720"}],"wp:attachment":[{"href":"https:\/\/www.articulosdeseguridad.com.co\/index.php\/wp-json\/wp\/v2\/media?parent=9716"}],"wp:term":[{"taxonomy":"product_brand","embeddable":true,"href":"https:\/\/www.articulosdeseguridad.com.co\/index.php\/wp-json\/wp\/v2\/product_brand?post=9716"},{"taxonomy":"product_cat","embeddable":true,"href":"https:\/\/www.articulosdeseguridad.com.co\/index.php\/wp-json\/wp\/v2\/product_cat?post=9716"},{"taxonomy":"product_tag","embeddable":true,"href":"https:\/\/www.articulosdeseguridad.com.co\/index.php\/wp-json\/wp\/v2\/product_tag?post=9716"}],"curies":[{"name":"wp","href":"https:\/\/api.w.org\/{rel}","templated":true}]}}